{"id":136921,"date":"2018-09-27T15:01:23","date_gmt":"2018-09-27T13:01:23","guid":{"rendered":"https:\/\/yogamarket.com.ua\/product\/kanthimala-z-dereva-nim\/"},"modified":"2025-12-08T09:04:21","modified_gmt":"2025-12-08T07:04:21","slug":"kanthimala-z-dereva-nim","status":"publish","type":"product","link":"https:\/\/yogamarket.com.ua\/uk\/product\/kanthimala-z-dereva-nim\/","title":{"rendered":"\u041a\u0430\u043d\u0442\u0445\u0456\u043c\u0430\u043b\u0430 \u0456\u0437 \u0434\u0435\u0440\u0435\u0432\u0430 \u041d\u0456\u043c"},"content":{"rendered":"<h2 class=\"\" data-start=\"51\" data-end=\"117\">\u041a\u0430\u043d\u0442\u0445\u0438\u043c\u0430\u043b\u0430 \u0438\u0437 \u0434\u0435\u0440\u0435\u0432\u0430 \u043d\u0438\u043c \u2014 \u043e\u0431\u0435\u0440\u0435\u0433 \u0434\u043b\u044f \u0434\u0443\u0448\u0438 \u0438 \u0437\u0430\u0449\u0438\u0442\u0430 \u0434\u043b\u044f \u044d\u043d\u0435\u0440\u0433\u0438\u0438<\/h2>\n<p class=\"\" data-start=\"119\" data-end=\"475\"><strong data-start=\"119\" data-end=\"142\">\u041a\u0430\u043d\u0442\u0445\u0456\u043c\u0430\u043b\u0430 \u0437 \u043d\u0456\u043c\u0443 <\/strong>\u2014 \u0446\u0435 \u0441\u0432\u044f\u0449\u0435\u043d\u043d\u0435 \u043d\u0430\u043c\u0438\u0441\u0442\u043e, \u044f\u043a\u0435 \u043d\u043e\u0441\u044f\u0442\u044c \u043d\u0430 \u0448\u0438\u0457 \u0434\u043b\u044f \u0434\u0443\u0445\u043e\u0432\u043d\u043e\u0433\u043e \u0437\u0430\u0445\u0438\u0441\u0442\u0443, \u043e\u0447\u0438\u0449\u0435\u043d\u043d\u044f \u0435\u043d\u0435\u0440\u0433\u0456\u0457 \u0442\u0430 \u044f\u043a \u0441\u0438\u043c\u0432\u043e\u043b \u043d\u0430\u043b\u0435\u0436\u043d\u043e\u0441\u0442\u0456 \u0434\u043e \u0448\u043b\u044f\u0445\u0443 \u0441\u0430\u043c\u043e\u043f\u0456\u0437\u043d\u0430\u043d\u043d\u044f. \u0412\u0438\u0433\u043e\u0442\u043e\u0432\u043b\u0435\u043d\u0430 \u0437 \u043d\u0430\u0442\u0443\u0440\u0430\u043b\u044c\u043d\u043e\u0433\u043e \u0434\u0435\u0440\u0435\u0432\u0430 \u043d\u0456\u043c (Azadirachta indica), \u043a\u0430\u043d\u0442\u0445\u0456\u043c\u0430\u043b\u0430 \u043f\u0456\u0434\u0445\u043e\u0434\u0438\u0442\u044c \u044f\u043a \u0434\u043b\u044f \u043f\u0440\u0430\u043a\u0442\u0438\u043a\u0443\u044e\u0447\u0438\u0445 \u0431\u0433\u0430\u043a\u0442\u0456-\u0439\u043e\u0433\u0443, \u043c\u0435\u0434\u0438\u0442\u0430\u0446\u0456\u044e, \u043c\u0430\u043d\u0442\u0440\u0430-\u043f\u0440\u0430\u043a\u0442\u0438\u043a\u0438, \u0442\u0430\u043a \u0456 \u0434\u043b\u044f \u0442\u0438\u0445, \u0445\u0442\u043e \u0448\u0443\u043a\u0430\u0454 \u0437\u0430\u0445\u0438\u0441\u0442 \u0442\u0430 \u0432\u043d\u0443\u0442\u0440\u0456\u0448\u043d\u0456\u0439 \u0431\u0430\u043b\u0430\u043d\u0441.<\/p>\n<p>\u0423 \u043d\u0430\u0448\u043e\u043c\u0443 \u0456\u043d\u0442\u0435\u0440\u043d\u0435\u0442-\u043c\u0430\u0433\u0430\u0437\u0438\u043d\u0456 \u0432\u0438 \u043c\u043e\u0436\u0435\u0442\u0435 \u043a\u0443\u043f\u0438\u0442\u0438 \u0442\u0430\u043a\u0443 \u0442\u0440\u0430\u0434\u0438\u0446\u0456\u0439\u043d\u0443 \u0456\u043d\u0434\u0456\u0439\u0441\u044c\u043a\u0443 \u043f\u0440\u0438\u043a\u0440\u0430\u0441\u0443, \u044f\u043a \u041a\u0430\u043d\u0442\u0445\u0456\u043c\u0430\u043b\u0430 \u0430\u0431\u043e \u043c\u0430\u043b\u0430. \u041e\u0441\u043d\u043e\u0432\u043d\u0438\u0439 \u0441\u043a\u043b\u0430\u0434 \u2014 \u0446\u0435 \u043d\u0430\u043c\u0438\u0441\u0442\u0438\u043d\u0438 \u0437 \u043d\u0430\u0442\u0443\u0440\u0430\u043b\u044c\u043d\u043e\u0433\u043e \u0434\u0435\u0440\u0435\u0432\u0430 \u043c\u0430\u043d\u0433\u043e, \u0435\u0431\u0435\u043d\u0443, \u0442\u0443\u043b\u0430\u0441\u0443 (\u043c\u0430\u043b\u0430) \u0456 \u0442.\u0434. \u041f\u043e\u0434\u0456\u0431\u043d\u0456 \u043d\u0430\u043c\u0438\u0441\u0442\u043e \u043d\u043e\u0441\u044f\u0442\u044c \u043d\u0430 \u0448\u0438\u0457, \u0445\u043e\u0447\u0430 \u0434\u0435\u044f\u043a\u0456 \u043d\u0430\u0434\u044f\u0433\u0430\u044e\u0442\u044c \u043d\u0430 \u0440\u0443\u043a\u0443 \u2014 \u0431\u0443\u0434\u044c-\u044f\u043a\u0438\u0439 \u0434\u043e\u0442\u0438\u043a \u0437 \u0442\u0456\u043b\u043e\u043c \u0432\u0432\u0430\u0436\u0430\u0454\u0442\u044c\u0441\u044f \u0441\u043f\u0440\u0438\u044f\u0442\u043b\u0438\u0432\u0438\u043c.<\/p>\n<h3 class=\"\" data-start=\"482\" data-end=\"527\">\u0429\u043e \u0442\u0430\u043a\u0435 \u043a\u0430\u043d\u0442\u0445\u0456\u043c\u0430\u043b\u0430 \u0456 \u0434\u043b\u044f \u0447\u043e\u0433\u043e \u0432\u043e\u043d\u0430 \u043f\u043e\u0442\u0440\u0456\u0431\u043d\u0430<\/h3>\n<p class=\"\" data-start=\"529\" data-end=\"838\"><strong data-start=\"529\" data-end=\"543\">\u041a\u0430\u043d\u0442\u0445\u0456\u043c\u0430\u043b\u0430<\/strong> (\u0441\u0430\u043d\u0441\u043a\u0440. kanth\u012b-m\u0101l\u0101) \u2014 \u0446\u0435 \u0442\u0440\u0430\u0434\u0438\u0446\u0456\u0439\u043d\u0435 \u0434\u0443\u0445\u043e\u0432\u043d\u0435 \u043d\u0430\u043c\u0438\u0441\u0442\u043e, \u044f\u043a\u0435 \u043d\u043e\u0441\u044f\u0442\u044c \u043d\u0430 \u0448\u0438\u0457 \u044f\u043a \u0437\u043e\u0432\u043d\u0456\u0448\u043d\u0456\u0439 \u0437\u043d\u0430\u043a \u0432\u0456\u0434\u0434\u0430\u043d\u043e\u0441\u0442\u0456, \u0441\u043c\u0438\u0440\u0435\u043d\u043d\u044f \u0442\u0430 \u0432\u043d\u0443\u0442\u0440\u0456\u0448\u043d\u044c\u043e\u0433\u043e \u0441\u043b\u0443\u0436\u0456\u043d\u043d\u044f. \u0423 \u0432\u0430\u0439\u0448\u043d\u0430\u0432\u0441\u044c\u043a\u0456\u0439 \u0442\u0440\u0430\u0434\u0438\u0446\u0456\u0457 \u0457\u0457 \u043d\u0430\u0434\u044f\u0433\u0430\u044e\u0442\u044c \u043f\u0456\u0441\u043b\u044f \u043e\u0447\u0438\u0449\u0435\u043d\u043d\u044f \u0430\u0431\u043e \u043f\u043e\u0441\u0432\u044f\u0442\u0438, \u0430 \u0432 \u0456\u043d\u0448\u0438\u0445 \u0434\u0443\u0445\u043e\u0432\u043d\u0438\u0445 \u043f\u0440\u0430\u043a\u0442\u0438\u043a\u0430\u0445 \u0432\u0438\u043a\u043e\u0440\u0438\u0441\u0442\u043e\u0432\u0443\u044e\u0442\u044c \u044f\u043a \u0437\u0430\u0445\u0438\u0441\u043d\u0438\u0439 \u0442\u0430 \u0435\u043d\u0435\u0440\u0433\u0435\u0442\u0438\u0447\u043d\u0438\u0439 \u0456\u043d\u0441\u0442\u0440\u0443\u043c\u0435\u043d\u0442.<\/p>\n<p class=\"\" data-start=\"840\" data-end=\"844\">\u0412\u043e\u043d\u0430:<\/p>\n<ul data-start=\"845\" data-end=\"1021\">\n<li class=\"\" data-start=\"845\" data-end=\"866\">\n<p class=\"\" data-start=\"847\" data-end=\"866\">\u041e\u0447\u0438\u0449\u0430\u0454 \u0442\u043e\u043d\u043a\u0435 \u0442\u0456\u043b\u043e<\/p>\n<\/li>\n<li class=\"\" data-start=\"867\" data-end=\"899\">\n<p class=\"\" data-start=\"869\" data-end=\"899\">\u0417\u0430\u0445\u0438\u0449\u0430\u0454 \u0432\u0456\u0434 \u043d\u0435\u0433\u0430\u0442\u0438\u0432\u043d\u0438\u0445 \u0432\u043f\u043b\u0438\u0432\u0456\u0432<\/p>\n<\/li>\n<li class=\"\" data-start=\"900\" data-end=\"934\">\n<p class=\"\" data-start=\"902\" data-end=\"934\">\u041f\u0456\u0434\u0442\u0440\u0438\u043c\u0443\u0454 \u0434\u0443\u0445\u043e\u0432\u043d\u0443 \u0434\u0438\u0441\u0446\u0438\u043f\u043b\u0456\u043d\u0443<\/p>\n<\/li>\n<li class=\"\" data-start=\"935\" data-end=\"967\">\n<p class=\"\" data-start=\"937\" data-end=\"967\">\u041d\u0430\u0433\u0430\u0434\u0443\u0454 \u043f\u0440\u043e \u0432\u0438\u0449\u0443 \u043c\u0435\u0442\u0443 \u0436\u0438\u0442\u0442\u044f<\/p>\n<\/li>\n<li class=\"\" data-start=\"968\" data-end=\"1021\">\n<p class=\"\" data-start=\"970\" data-end=\"1021\">\u041f\u0456\u0434\u0441\u0438\u043b\u044e\u0454 \u0435\u043d\u0435\u0440\u0433\u0456\u044e \u043f\u0456\u0434 \u0447\u0430\u0441 \u043c\u0435\u0434\u0438\u0442\u0430\u0446\u0456\u0457 \u0442\u0430 \u0447\u0438\u0442\u0430\u043d\u043d\u044f \u043c\u0430\u043d\u0442\u0440<\/p>\n<\/li>\n<\/ul>\n<h3 class=\"\" data-start=\"1028\" data-end=\"1068\">\u041e\u0441\u043e\u0431\u043b\u0438\u0432\u043e\u0441\u0442\u0456 \u043a\u0430\u043d\u0442\u0445\u0456\u043c\u0430\u043b\u0438 \u0437 \u0434\u0435\u0440\u0435\u0432\u0430 \u043d\u0456\u043c<\/h3>\n<p class=\"\" data-start=\"1070\" data-end=\"1256\">\u041d\u0456\u043c \u2014 \u043e\u0434\u043d\u0435 \u0437 \u043d\u0430\u0439\u0441\u0438\u043b\u044c\u043d\u0456\u0448\u0438\u0445 \u0434\u0435\u0440\u0435\u0432 \u0432 \u0430\u044e\u0440\u0432\u0435\u0434\u0438\u0447\u043d\u0456\u0439 \u0442\u0430 \u0434\u0443\u0445\u043e\u0432\u043d\u0456\u0439 \u0442\u0440\u0430\u0434\u0438\u0446\u0456\u0457 \u0406\u043d\u0434\u0456\u0457. \u0412\u0432\u0430\u0436\u0430\u0454\u0442\u044c\u0441\u044f, \u0449\u043e <strong data-start=\"1165\" data-end=\"1210\">\u043d\u0456\u043c \u0437\u0434\u0430\u0442\u0435\u043d \u00ab\u0441\u043f\u0430\u043b\u044e\u0432\u0430\u0442\u0438\u00bb \u043d\u0435\u0433\u0430\u0442\u0438\u0432\u043d\u0443 \u0435\u043d\u0435\u0440\u0433\u0456\u044e<\/strong>, \u043e\u0447\u0438\u0449\u0430\u0442\u0438 \u0430\u0443\u0440\u0443 \u0442\u0430 \u0433\u0430\u0440\u043c\u043e\u043d\u0456\u0437\u0443\u0432\u0430\u0442\u0438 \u043f\u0440\u043e\u0441\u0442\u0456\u0440.<\/p>\n<p class=\"\" data-start=\"1258\" data-end=\"1291\">\u041f\u0435\u0440\u0435\u0432\u0430\u0433\u0438 \u043a\u0430\u043d\u0442\u0445\u0456\u043c\u0430\u043b\u0438 \u0437 \u043d\u0456\u043c\u0443:<\/p>\n<ul data-start=\"1292\" data-end=\"1551\">\n<li class=\"\" data-start=\"1292\" data-end=\"1324\">\n<p class=\"\" data-start=\"1294\" data-end=\"1324\">\u041f\u043e\u0442\u0443\u0436\u043d\u0438\u0439 \u0435\u043d\u0435\u0440\u0433\u0435\u0442\u0438\u0447\u043d\u0438\u0439 \u0437\u0430\u0445\u0438\u0441\u0442<\/p>\n<\/li>\n<li class=\"\" data-start=\"1325\" data-end=\"1398\">\n<p class=\"\" data-start=\"1327\" data-end=\"1398\">\u041f\u0456\u0434\u0442\u0440\u0438\u043c\u043a\u0430 \u043f\u0440\u0438 \u0435\u043d\u0435\u0440\u0433\u0435\u0442\u0438\u0447\u043d\u043e\u043c\u0443 \u0432\u0438\u0441\u043d\u0430\u0436\u0435\u043d\u043d\u0456 \u0442\u0430 \u0435\u043c\u043e\u0446\u0456\u0439\u043d\u0456\u0439 \u043d\u0435\u0441\u0442\u0430\u0431\u0456\u043b\u044c\u043d\u043e\u0441\u0442\u0456<\/p>\n<\/li>\n<li class=\"\" data-start=\"1399\" data-end=\"1447\">\n<p class=\"\" data-start=\"1401\" data-end=\"1447\">\u0421\u043f\u0440\u0438\u044f\u0454 \u043a\u043e\u043d\u0446\u0435\u043d\u0442\u0440\u0430\u0446\u0456\u0457 \u043f\u0456\u0434 \u0447\u0430\u0441 \u043c\u0435\u0434\u0438\u0442\u0430\u0446\u0456\u0457<\/p>\n<\/li>\n<li class=\"\" data-start=\"1448\" data-end=\"1479\">\n<p class=\"\" data-start=\"1450\" data-end=\"1479\">\u041e\u0447\u0438\u0449\u0430\u0454 \u0440\u043e\u0437\u0443\u043c \u0432\u0456\u0434 \u0437\u0430\u0439\u0432\u0438\u0445 \u0434\u0443\u043c\u043e\u043a<\/p>\n<\/li>\n<li class=\"\" data-start=\"1480\" data-end=\"1551\">\n<p class=\"\" data-start=\"1482\" data-end=\"1551\">\u0410\u043b\u044c\u0442\u0435\u0440\u043d\u0430\u0442\u0438\u0432\u0430 \u0442\u0443\u043b\u0430\u0441\u0456 \u2014 \u043f\u0456\u0434\u0445\u043e\u0434\u0438\u0442\u044c \u0442\u0438\u043c, \u0445\u0442\u043e \u0448\u0443\u043a\u0430\u0454 \u0431\u0456\u043b\u044c\u0448 \u00ab\u0432\u043e\u0433\u043d\u0435\u043d\u043d\u0443\u00bb \u0435\u043d\u0435\u0440\u0433\u0456\u044e<\/p>\n<\/li>\n<\/ul>\n<p>\u0423 \u043d\u0430\u0441 \u0432\u0438 \u0437\u043d\u0430\u0439\u0434\u0435\u0442\u0435 \u043c\u0430\u043b\u0438 \u0437 \u043d\u0430\u0442\u0443\u0440\u0430\u043b\u044c\u043d\u043e\u0433\u043e \u0434\u0435\u0440\u0435\u0432\u0430 \u0437\u0430 \u0434\u043e\u0441\u0442\u0443\u043f\u043d\u043e\u044e \u0446\u0456\u043d\u043e\u044e. \u0412\u0438\u0431\u0440\u0430\u043d\u0443 \u043c\u043e\u0434\u0435\u043b\u044c \u043c\u0438 \u0432\u0456\u0434\u043f\u0440\u0430\u0432\u0438\u043c\u043e \u0434\u043e \u0432\u0430\u0448\u043e\u0433\u043e \u043c\u0456\u0441\u0442\u0430 \u0437\u0430 \u0434\u043e\u043f\u043e\u043c\u043e\u0433\u043e\u044e \u0442\u0440\u0430\u043d\u0441\u043f\u043e\u0440\u0442\u043d\u043e\u0457 \u043a\u043e\u043c\u043f\u0430\u043d\u0456\u0457. \u0413\u0430\u0440\u0430\u043d\u0442\u0443\u0454\u043c\u043e \u043e\u043f\u0435\u0440\u0430\u0442\u0438\u0432\u043d\u0443 \u0434\u043e\u0441\u0442\u0430\u0432\u043a\u0443 \u0434\u043e \u041a\u0438\u0454\u0432\u0430, \u0412\u0456\u043d\u043d\u0438\u0446\u0456 \u0447\u0438 \u0456\u043d\u0448\u043e\u0433\u043e \u043c\u0456\u0441\u0442\u0430 \u0423\u043a\u0440\u0430\u0457\u043d\u0438.<\/p>\n<p>&nbsp;<\/p>\n","protected":false},"excerpt":{"rendered":"<p>\u041a\u0430\u043d\u0442\u0445\u0438\u043c\u0430\u043b\u0430 \u0438\u0437 \u0434\u0435\u0440\u0435\u0432\u0430 \u043d\u0438\u043c \u2014 \u043e\u0431\u0435\u0440\u0435\u0433 \u0434\u043b\u044f \u0434\u0443\u0448\u0438 \u0438 \u0437\u0430\u0449\u0438\u0442\u0430 \u0434\u043b\u044f \u044d\u043d\u0435\u0440\u0433\u0438\u0438 \u041a\u0430\u043d\u0442\u0445\u0456\u043c\u0430\u043b\u0430 \u0437 \u043d\u0456\u043c\u0443 \u2014 \u0446\u0435 \u0441\u0432\u044f\u0449\u0435\u043d\u043d\u0435 \u043d\u0430\u043c\u0438\u0441\u0442\u043e, \u044f\u043a\u0435 \u043d\u043e\u0441\u044f\u0442\u044c \u043d\u0430 \u0448\u0438\u0457 \u0434\u043b\u044f \u0434\u0443\u0445\u043e\u0432\u043d\u043e\u0433\u043e \u0437\u0430\u0445\u0438\u0441\u0442\u0443, \u043e\u0447\u0438\u0449\u0435\u043d\u043d\u044f \u0435\u043d\u0435\u0440\u0433\u0456\u0457 \u0442\u0430 \u044f\u043a \u0441\u0438\u043c\u0432\u043e\u043b \u043d\u0430\u043b\u0435\u0436\u043d\u043e\u0441\u0442\u0456 \u0434\u043e \u0448\u043b\u044f\u0445\u0443 \u0441\u0430\u043c\u043e\u043f\u0456\u0437\u043d\u0430\u043d\u043d\u044f. \u0412\u0438\u0433\u043e\u0442\u043e\u0432\u043b\u0435\u043d\u0430 \u0437 \u043d\u0430\u0442\u0443\u0440\u0430\u043b\u044c\u043d\u043e\u0433\u043e \u0434\u0435\u0440\u0435\u0432\u0430 \u043d\u0456\u043c (Azadirachta indica), \u043a\u0430\u043d\u0442\u0445\u0456\u043c\u0430\u043b\u0430 \u043f\u0456\u0434\u0445\u043e\u0434\u0438\u0442\u044c \u044f\u043a \u0434\u043b\u044f \u043f\u0440\u0430\u043a\u0442\u0438\u043a\u0443\u044e\u0447\u0438\u0445 \u0431\u0433\u0430\u043a\u0442\u0456-\u0439\u043e\u0433\u0443, \u043c\u0435\u0434\u0438\u0442\u0430\u0446\u0456\u044e, \u043c\u0430\u043d\u0442\u0440\u0430-\u043f\u0440\u0430\u043a\u0442\u0438\u043a\u0438, \u0442\u0430\u043a \u0456 \u0434\u043b\u044f \u0442\u0438\u0445, \u0445\u0442\u043e [&hellip;]<\/p>\n","protected":false},"featured_media":130310,"comment_status":"open","ping_status":"closed","template":"","meta":[],"product_cat":[3113,3347],"product_tag":[],"_links":{"self":[{"href":"https:\/\/yogamarket.com.ua\/uk\/wp-json\/wp\/v2\/product\/136921"}],"collection":[{"href":"https:\/\/yogamarket.com.ua\/uk\/wp-json\/wp\/v2\/product"}],"about":[{"href":"https:\/\/yogamarket.com.ua\/uk\/wp-json\/wp\/v2\/types\/product"}],"replies":[{"embeddable":true,"href":"https:\/\/yogamarket.com.ua\/uk\/wp-json\/wp\/v2\/comments?post=136921"}],"wp:featuredmedia":[{"embeddable":true,"href":"https:\/\/yogamarket.com.ua\/uk\/wp-json\/wp\/v2\/media\/130310"}],"wp:attachment":[{"href":"https:\/\/yogamarket.com.ua\/uk\/wp-json\/wp\/v2\/media?parent=136921"}],"wp:term":[{"taxonomy":"product_cat","embeddable":true,"href":"https:\/\/yogamarket.com.ua\/uk\/wp-json\/wp\/v2\/product_cat?post=136921"},{"taxonomy":"product_tag","embeddable":true,"href":"https:\/\/yogamarket.com.ua\/uk\/wp-json\/wp\/v2\/product_tag?post=136921"}],"curies":[{"name":"wp","href":"https:\/\/api.w.org\/{rel}","templated":true}]}}